{"id":9624,"date":"2018-11-23T10:41:08","date_gmt":"2018-11-23T09:41:08","guid":{"rendered":"https:\/\/www.kuermayr.at\/at\/?page_id=9624"},"modified":"2019-10-23T15:11:22","modified_gmt":"2019-10-23T13:11:22","slug":"teilnahmebedingungen","status":"publish","type":"page","link":"https:\/\/www.kuermayr.at\/at\/teilnahmebedingungen\/","title":{"rendered":"Teilnahmebedingungen und Datenschutz"},"content":{"rendered":"<div class=\"fusion-fullwidth fullwidth-box fusion-builder-row-1 nonhundred-percent-fullwidth non-hundred-percent-height-scrolling\" style=\"background-color: rgba(255,255,255,0);background-position: left top;background-repeat: no-repeat;padding-top:20px;padding-right:0px;padding-bottom:20px;padding-left:0px;margin-bottom: 0px;margin-top: 0px;border-width: 0px 0px 0px 0px;border-color:#eae9e9;border-style:solid;\" ><div class=\"fusion-builder-row fusion-row\"><div class=\"fusion-layout-column fusion_builder_column fusion-builder-column-0 fusion_builder_column_1_1 1_1 fusion-one-full fusion-column-first fusion-column-last fusion-column-no-min-height\" style=\"margin-top:0px;margin-bottom:0px;\"><div class=\"fusion-column-wrapper fusion-flex-column-wrapper-legacy\" style=\"background-position:left top;background-repeat:no-repeat;-webkit-background-size:cover;-moz-background-size:cover;-o-background-size:cover;background-size:cover;padding: 0px 0px 0px 0px;\"><style type=\"text\/css\"><\/style><div class=\"fusion-title title fusion-title-1 fusion-sep-none fusion-title-text fusion-title-size-one\" style=\"margin-top:0px;margin-right:0px;margin-bottom:1cm;margin-left:0px;\"><h1 class=\"title-heading-left fusion-responsive-typography-calculated\" style=\"margin:0;--fontSize:34;line-height:1.4;\"><p class=\"page__title\">Teilnahmebedingungen und Datenschutzbestimmungen Gewinnspiel<\/p><\/h1><\/div><div class=\"fusion-text fusion-text-1\"><ol>\n<li>Das Gewinnspiel startet am 23.10.2019 und endet am 30.10.2019 um 23:59 Uhr.<\/li>\n<li>Es wird 2x ein Einkaufsgutschein im Wert von 50\u20ac der K\u00fcrmayr Schuh GmbH verlost.<\/li>\n<li>Die Teilnahme erfolgt \u00fcber das Folgen des Instagram-Profils &#8220;schuhmodekuermayr&#8221;, \u00fcber das Teilen des genannten Instagram-Beitrags als Story mit Erw\u00e4hnung von @schuhmodekuermayr sowie \u00fcber das Markieren einer Person als Kommentar.<\/li>\n<li>Die Gewinner werden binnen 7 Tagen nach Gewinnspielende nach dem Zufallsprinzip ermittelt.<\/li>\n<li>Der Gewinner wird von uns in den Kommentaren bekanntgegeben. Jeder Gewinner muss sich innerhalb von 5 Werktagen per E-Mail an grafik@kuermayr.at oder via Instagram Direct Message melden. Meldet sich ein Gewinner nicht innerhalb dieser Frist wird der Gutschein erneut unter allen Teilnehmern verlost.<\/li>\n<li>Der Gewinner kann sich in Absprache mit uns den Gutschein in einer unserer Filialen abholen.<\/li>\n<li>Mitarbeiter der K\u00fcrmayr Schuh GmbH sind von der Teilnahme ausgeschlossen.<\/li>\n<li>Teilnahmeberechtigt sind Personen aus \u00d6sterreich.<\/li>\n<li>Teilnahmeberechtigt sind nur Personen die die Vollj\u00e4hrigkeit erreicht haben.<\/li>\n<li>Es werden alle Instagram Namen der Teilnehmer erfasst und zur Gewinnermittlung gespeichert. Alle Daten werden sp\u00e4testens 30 Tage nach Ende des Gewinnspiels gel\u00f6scht. Es werden keine Daten an Dritte weitergegeben. Den Teilnehmern stehen gesetzliche Auskunfts-, \u00c4nderungs- und Widerrufsrechte zu.<\/li>\n<li>Keine Barabl\u00f6se des Gewinns!<\/li>\n<li>Das Gewinnspiel steht in keiner Verbindung zu Instagram und wird in keiner Weise von Instagram gesponsert, unterst\u00fctzt oder organisiert. Der Rechtsweg ist ausgeschlossen.<\/li>\n<\/ol>\n<\/div><div class=\"fusion-clearfix\"><\/div><\/div><\/div><\/div><\/div>\n","protected":false},"excerpt":{"rendered":"","protected":false},"author":1,"featured_media":0,"parent":0,"menu_order":0,"comment_status":"closed","ping_status":"closed","template":"","meta":[],"yst_prominent_words":[488,487,479,476,464,155,157,492,490,483,465,461,482,958,124,153,151,491,152,489],"_links":{"self":[{"href":"https:\/\/www.kuermayr.at\/at\/wp-json\/wp\/v2\/pages\/9624"}],"collection":[{"href":"https:\/\/www.kuermayr.at\/at\/wp-json\/wp\/v2\/pages"}],"about":[{"href":"https:\/\/www.kuermayr.at\/at\/wp-json\/wp\/v2\/types\/page"}],"author":[{"embeddable":true,"href":"https:\/\/www.kuermayr.at\/at\/wp-json\/wp\/v2\/users\/1"}],"replies":[{"embeddable":true,"href":"https:\/\/www.kuermayr.at\/at\/wp-json\/wp\/v2\/comments?post=9624"}],"version-history":[{"count":0,"href":"https:\/\/www.kuermayr.at\/at\/wp-json\/wp\/v2\/pages\/9624\/revisions"}],"wp:attachment":[{"href":"https:\/\/www.kuermayr.at\/at\/wp-json\/wp\/v2\/media?parent=9624"}],"wp:term":[{"taxonomy":"yst_prominent_words","embeddable":true,"href":"https:\/\/www.kuermayr.at\/at\/wp-json\/wp\/v2\/yst_prominent_words?post=9624"}],"curies":[{"name":"wp","href":"https:\/\/api.w.org\/{rel}","templated":true}]}}