{"id":11617,"date":"2019-11-03T18:47:22","date_gmt":"2019-11-03T17:47:22","guid":{"rendered":"https:\/\/www.kuermayr.at\/at\/?page_id=11617"},"modified":"2024-09-25T14:56:13","modified_gmt":"2024-09-25T12:56:13","slug":"sonderverkauf-2","status":"publish","type":"page","link":"https:\/\/www.kuermayr.at\/at\/sonderverkauf-2\/","title":{"rendered":"Sonderverkauf St.Florian\/Asten"},"content":{"rendered":"<p><div class=\"fusion-fullwidth fullwidth-box fusion-builder-row-1 nonhundred-percent-fullwidth non-hundred-percent-height-scrolling\" style=\"background-color: rgba(255,255,255,0);background-position: center center;background-repeat: no-repeat;padding-top:0px;padding-right:0px;padding-bottom:0px;padding-left:0px;margin-bottom: 0px;margin-top: 10px;border-width: 0px 0px 0px 0px;border-color:#eae9e9;border-style:solid;\" ><div class=\"fusion-builder-row fusion-row\"><div class=\"fusion-layout-column fusion_builder_column fusion-builder-column-0 fusion_builder_column_1_1 1_1 fusion-one-full fusion-column-first fusion-column-last\" style=\"margin-top:0px;margin-bottom:0px;\"><div class=\"fusion-column-wrapper fusion-flex-column-wrapper-legacy\" style=\"background-position:left top;background-repeat:no-repeat;-webkit-background-size:cover;-moz-background-size:cover;-o-background-size:cover;background-size:cover;padding: 0px 0px 0px 0px;\"><div class=\"fusion-clearfix\"><\/div><\/div><\/div><div class=\"fusion-layout-column fusion_builder_column fusion-builder-column-1 fusion_builder_column_1_1 1_1 fusion-one-full fusion-column-first fusion-column-last\" style=\"margin-top:0px;margin-bottom:0px;\"><div class=\"fusion-column-wrapper fusion-flex-column-wrapper-legacy\" style=\"background-position:left top;background-repeat:no-repeat;-webkit-background-size:cover;-moz-background-size:cover;-o-background-size:cover;background-size:cover;padding: 0px 0px 0px 0px;\"><div class=\"fusion-content-boxes content-boxes columns row fusion-columns-1 fusion-columns-total-3 fusion-content-boxes-1 content-boxes-icon-on-top content-left\" data-animationOffset=\"top-mid-of-view\" style=\"margin-top:10px;margin-bottom:0px;\"><style type=\"text\/css\">.fusion-content-boxes-1 .heading .content-box-heading {color:#000000;}\n\t\t\t\t\t.fusion-content-boxes-1 .fusion-content-box-hover .link-area-link-icon-hover .heading .content-box-heading,\n\t\t\t\t\t.fusion-content-boxes-1 .fusion-content-box-hover .link-area-link-icon-hover .heading .heading-link .content-box-heading,\n\t\t\t\t\t.fusion-content-boxes-1 .fusion-content-box-hover .link-area-box-hover .heading .content-box-heading,\n\t\t\t\t\t.fusion-content-boxes-1 .fusion-content-box-hover .link-area-box-hover .heading .heading-link .content-box-heading,\n\t\t\t\t\t.fusion-content-boxes-1 .fusion-content-box-hover .link-area-link-icon-hover.link-area-box .fusion-read-more,\n\t\t\t\t\t.fusion-content-boxes-1 .fusion-content-box-hover .link-area-link-icon-hover.link-area-box .fusion-read-more::after,\n\t\t\t\t\t.fusion-content-boxes-1 .fusion-content-box-hover .link-area-link-icon-hover.link-area-box .fusion-read-more::before,\n\t\t\t\t\t.fusion-content-boxes-1 .fusion-content-box-hover .fusion-read-more:hover:after,\n\t\t\t\t\t.fusion-content-boxes-1 .fusion-content-box-hover .fusion-read-more:hover:before,\n\t\t\t\t\t.fusion-content-boxes-1 .fusion-content-box-hover .fusion-read-more:hover,\n\t\t\t\t\t.fusion-content-boxes-1 .fusion-content-box-hover .link-area-box-hover.link-area-box .fusion-read-more,\n\t\t\t\t\t.fusion-content-boxes-1 .fusion-content-box-hover .link-area-box-hover.link-area-box .fusion-read-more::after,\n\t\t\t\t\t.fusion-content-boxes-1 .fusion-content-box-hover .link-area-box-hover.link-area-box .fusion-read-more::before,\n\t\t\t\t\t.fusion-content-boxes-1 .fusion-content-box-hover .link-area-link-icon-hover .icon .circle-no,\n\t\t\t\t\t.fusion-content-boxes-1 .heading .heading-link:hover .content-box-heading {\n\t\t\t\t\t\tcolor: #082230;\n\t\t\t\t\t}\n\t\t\t\t\t.fusion-content-boxes-1 .fusion-content-box-hover .link-area-box-hover .icon .circle-no {\n\t\t\t\t\t\tcolor: #082230 !important;\n\t\t\t\t\t}.fusion-content-boxes-1 .fusion-content-box-hover .link-area-box.link-area-box-hover .fusion-content-box-button {background: #395066;color: #ffffff;background-image: -webkit-gradient( linear, left bottom, left top, from( #385066 ), to( #395066 ) );background-image: linear-gradient( to top, #385066, #395066 )}.fusion-content-boxes-1 .fusion-content-box-hover .link-area-box.link-area-box-hover .fusion-content-box-button .fusion-button-text {color: #ffffff;}\n\t\t\t\t\t.fusion-content-boxes-1 .fusion-content-box-hover .link-area-link-icon-hover .heading .icon > span {\n\t\t\t\t\t\tbackground-color: #082230 !important;\n\t\t\t\t\t}\n\t\t\t\t\t.fusion-content-boxes-1 .fusion-content-box-hover .link-area-box-hover .heading .icon > span {\n\t\t\t\t\t\tborder-color: #082230 !important;\n\t\t\t\t\t}<\/style><div class=\"fusion-column content-box-column content-box-column content-box-column-1 col-lg-12 col-md-12 col-sm-12 fusion-content-box-hover content-box-column-last-in-row\"><div class=\"col content-box-wrapper content-wrapper link-area-box content-icon-wrapper-yes icon-hover-animation-none\" style=\"background-color:rgba(234,238,240,0);\" data-animationOffset=\"top-mid-of-view\"><div class=\"fusion-clearfix\"><\/div><div class=\"content-container\" style=\"color:#000000;\">\n<h2 class=\"content-box-heading fusion-live-editable medium-editor-element\" role=\"textbox\" contenteditable=\"true\" spellcheck=\"true\" data-fontsize=\"22\" data-lineheight=\"27\" data-inline-fontsize=\"22px\" data-inline-lineheight=\"27px\" data-inline-parent-cid=\"81\" data-disable-return=\"true\" data-disable-extra-spaces=\"true\" data-toolbar=\"false\" data-param=\"title\" data-medium-editor-element=\"true\" aria-multiline=\"true\" data-medium-editor-editor-index=\"27\" data-placeholder=\"Your Content Goes Here\" data-medium-focused=\"true\"><\/h2>\n<h1 style=\"text-align: center;\"><strong>Sonderverkauf ST. Florian\/Asten<\/strong><\/h1>\n<h2 style=\"text-align: center;\">27. Mai bis 5. Juni 2021<\/h2>\n<h2 style=\"text-align: center;\">wochentags 9.00-18.30<\/h2>\n<h2 style=\"text-align: center;\">Samstag 9.00-17.00<\/h2>\n<h2 style=\"text-align: center;\"><\/h2>\n<h2 style=\"text-align: center;\">Nach gro\u00dfem Kundenzuspruch im November 2019 und Juni 2020, dem neuerlichen Corona-bedingten Wegfall unserer Pumpstage in den Filialen, nun die \u2013 zumindest an diesem Standort (wird umgebaut) \u2013 letztmalige Ausgabe unserer<strong> Erfolgs-Aktion<\/strong>. Die riesige Halle (1 800 m\u00b2) ist auch bei sehr gutem Besuch perfekt f\u00fcr die geltenden Abstandsregeln geeignet.<\/h2>\n<h2>Wir haben unsere gesamte Sortimentsbreite<\/h2>\n<h2><\/h2>\n<h2 style=\"text-align: center;\">\u2013 von topmodischen Bestsellern, Lifestylemarken bis hin zu exklusiven Designerst\u00fccken<\/h2>\n<h2 style=\"text-align: center;\">\u2013 von l\u00e4ssigen Sneakern, sportlichen oder eleganten Hingucker-Sandalen, luftigen Pantoffeln bis hin zu Bequemschuhen und sogar einigen Stiefeletten<\/h2>\n<h2 style=\"text-align: center;\">\u2013 Damenschuhe <strong>(mehr als 5.500 Paar)<\/strong>, Herrenschuhe <strong>(mehr als 1.200 Paar)<\/strong>, Kinderschuhe <strong>(mehr als 900 Paar)<\/strong>, Handtaschen, Strumpfhosen, Socken, Geldb\u00f6rsen \u2026<\/h2>\n<h2>in einer Halle zusammengefasst.<\/h2>\n<h2 style=\"text-align: center;\"><\/h2>\n<h2 style=\"text-align: center;\">In jeder Gr\u00f6\u00dfe gibt es viele tolle Einzelst\u00fccke \u2013 in Gr\u00f6\u00dfe 37 bei Damen und 40 bei Herren ist die Auswahl besonders gro\u00df!<\/h2>\n<h2 style=\"text-align: center;\"><strong>Nur f\u00fcr 9 Tage!<\/strong><\/h2>\n<h2 style=\"text-align: center;\"><strong>Alles mindestens 40 % reduziert, das meiste 50 %, vieles 70 % oder noch mehr!<\/strong><\/h2>\n<p><strong>\u00a0<\/strong><\/p>\n<h2 style=\"text-align: center;\">Am Er\u00f6ffnungstag <strong>Donnerstag, dem 27. Mai <\/strong>steht Fritz Strondl mit seiner Genussflotte on tour bereit. Burgervariationen, gebackene H\u00fchnerstreifen, knackige Salate und Wedges gibt es zur Auswahl. F\u00fcr alle Kinder, die beim Kulinarik-Truck essen, ein Getr\u00e4nk gratis. Wer lieber zu Hause essen m\u00f6chte, kann sich <strong>s\u00e4mtliche Speisen<\/strong> auch gerne <strong>einpacken lassen<\/strong><strong>.<\/strong><\/h2>\n<h2 style=\"text-align: center;\"><\/h2>\n<\/div><\/div><\/div><div class=\"fusion-column content-box-column content-box-column content-box-column-2 col-lg-12 col-md-12 col-sm-12 fusion-content-box-hover content-box-column-last-in-row\"><div class=\"col content-box-wrapper content-wrapper link-area-box content-icon-wrapper-yes icon-hover-animation-none\" style=\"background-color:rgba(234,238,240,0);\" data-animationOffset=\"top-mid-of-view\"><div class=\"fusion-clearfix\"><\/div><div class=\"content-container\" style=\"color:#000000;\">\n<h2 data-fontsize=\"18\" data-lineheight=\"27\">Sie finden uns ganz einfach \u2013 direkt neben der Autobahn zwischen Frunpark und XXXLutz.<\/h2>\n<h2 data-fontsize=\"18\" data-lineheight=\"27\"><b>Adresse:<\/b><br \/>\n<b><br \/>\nWestbahnstra\u00dfe 5<\/b><br \/>\n<b><br \/>\n4490 St. Florian\/Asten<br \/>\n<\/b>Wacker Neuson Niederlassung<\/h2>\n<\/div><\/div><\/div><div class=\"fusion-column content-box-column content-box-column content-box-column-3 col-lg-12 col-md-12 col-sm-12 fusion-content-box-hover content-box-column-last content-box-column-last-in-row\"><div class=\"col content-box-wrapper content-wrapper link-area-box content-icon-wrapper-yes icon-hover-animation-none\" style=\"background-color:rgba(234,238,240,0);\" data-animationOffset=\"top-mid-of-view\"><div class=\"fusion-clearfix\"><\/div><div class=\"content-container\" style=\"color:#000000;\">\n<h4 data-fontsize=\"18\" data-lineheight=\"27\"><strong>Wir halten Sie \u00fcber <span style=\"color: #333399;\"><a style=\"color: #333399;\" href=\"https:\/\/www.instagram.com\/schuhmodekuermayr\/\">Instagram<\/a><\/span><span style=\"font-size: 16px;\"> und <\/span><span style=\"color: #333399;\"><a style=\"color: #333399;\" href=\"https:\/\/business.facebook.com\/kuermayr\/\">Facebook<\/a> <\/span><span style=\"font-size: 16px;\">immer up to date.<\/span><\/strong><\/h4>\n<h4 data-fontsize=\"18\" data-lineheight=\"27\"><strong>Wir freuen uns auf Ihr Kommen!<\/strong><\/h4>\n<\/div><\/div><\/div><style type=\"text\/css\">\n\t\t\t\t\t\t.fusion-content-boxes-1 .fusion-content-box-hover .heading-link:hover .icon i.circle-yes,\n\t\t\t\t\t\t.fusion-content-boxes-1 .fusion-content-box-hover .link-area-box:hover .heading-link .icon i.circle-yes,\n\t\t\t\t\t\t.fusion-content-boxes-1 .fusion-content-box-hover .link-area-link-icon-hover .heading .icon i.circle-yes,\n\t\t\t\t\t\t.fusion-content-boxes-1 .fusion-content-box-hover .link-area-box-hover .heading .icon i.circle-yes {\n\t\t\t\t\t\t\tbackground-color: #082230 !important;\n\t\t\t\t\t\t\tborder-color: #082230 !important;\n\t\t\t\t\t\t}<\/style><div class=\"fusion-clearfix\"><\/div><\/div><div class=\"fusion-clearfix\"><\/div><\/div><\/div><\/div><\/div><div class=\"fusion-fullwidth fullwidth-box fusion-builder-row-2 nonhundred-percent-fullwidth non-hundred-percent-height-scrolling\" style=\"background-color: rgba(255,255,255,0);background-position: center center;background-repeat: no-repeat;padding-top:0px;padding-right:0px;padding-bottom:0px;padding-left:0px;margin-bottom: 0px;margin-top: 0px;border-width: 0px 0px 0px 0px;border-color:#eae9e9;border-style:solid;\" ><div class=\"fusion-builder-row fusion-row\"><div class=\"fusion-layout-column fusion_builder_column fusion-builder-column-2 fusion_builder_column_1_1 1_1 fusion-one-full fusion-column-first fusion-column-last\" style=\"margin-top:0px;margin-bottom:0px;\"><div class=\"fusion-column-wrapper fusion-flex-column-wrapper-legacy\" style=\"background-position:left top;background-repeat:no-repeat;-webkit-background-size:cover;-moz-background-size:cover;-o-background-size:cover;background-size:cover;padding: 0px 0px 0px 0px;\"><div class=\"fusion-content-boxes content-boxes columns row fusion-columns-3 fusion-columns-total-3 fusion-content-boxes-2 content-boxes-icon-boxed content-left\" data-animationOffset=\"top-mid-of-view\" style=\"margin-top:0px;margin-bottom:0px;\"><style type=\"text\/css\">.fusion-content-boxes-2 .heading .content-box-heading {color:#004067;}\n\t\t\t\t\t.fusion-content-boxes-2 .fusion-content-box-hover .link-area-link-icon-hover .heading .content-box-heading,\n\t\t\t\t\t.fusion-content-boxes-2 .fusion-content-box-hover .link-area-link-icon-hover .heading .heading-link .content-box-heading,\n\t\t\t\t\t.fusion-content-boxes-2 .fusion-content-box-hover .link-area-box-hover .heading .content-box-heading,\n\t\t\t\t\t.fusion-content-boxes-2 .fusion-content-box-hover .link-area-box-hover .heading .heading-link .content-box-heading,\n\t\t\t\t\t.fusion-content-boxes-2 .fusion-content-box-hover .link-area-link-icon-hover.link-area-box .fusion-read-more,\n\t\t\t\t\t.fusion-content-boxes-2 .fusion-content-box-hover .link-area-link-icon-hover.link-area-box .fusion-read-more::after,\n\t\t\t\t\t.fusion-content-boxes-2 .fusion-content-box-hover .link-area-link-icon-hover.link-area-box .fusion-read-more::before,\n\t\t\t\t\t.fusion-content-boxes-2 .fusion-content-box-hover .fusion-read-more:hover:after,\n\t\t\t\t\t.fusion-content-boxes-2 .fusion-content-box-hover .fusion-read-more:hover:before,\n\t\t\t\t\t.fusion-content-boxes-2 .fusion-content-box-hover .fusion-read-more:hover,\n\t\t\t\t\t.fusion-content-boxes-2 .fusion-content-box-hover .link-area-box-hover.link-area-box .fusion-read-more,\n\t\t\t\t\t.fusion-content-boxes-2 .fusion-content-box-hover .link-area-box-hover.link-area-box .fusion-read-more::after,\n\t\t\t\t\t.fusion-content-boxes-2 .fusion-content-box-hover .link-area-box-hover.link-area-box .fusion-read-more::before,\n\t\t\t\t\t.fusion-content-boxes-2 .fusion-content-box-hover .link-area-link-icon-hover .icon .circle-no,\n\t\t\t\t\t.fusion-content-boxes-2 .heading .heading-link:hover .content-box-heading {\n\t\t\t\t\t\tcolor: #082230;\n\t\t\t\t\t}\n\t\t\t\t\t.fusion-content-boxes-2 .fusion-content-box-hover .link-area-box-hover .icon .circle-no {\n\t\t\t\t\t\tcolor: #082230 !important;\n\t\t\t\t\t}.fusion-content-boxes-2 .fusion-content-box-hover .link-area-box.link-area-box-hover .fusion-content-box-button {background: #395066;color: #ffffff;background-image: -webkit-gradient( linear, left bottom, left top, from( #385066 ), to( #395066 ) );background-image: linear-gradient( to top, #385066, #395066 )}.fusion-content-boxes-2 .fusion-content-box-hover .link-area-box.link-area-box-hover .fusion-content-box-button .fusion-button-text {color: #ffffff;}\n\t\t\t\t\t.fusion-content-boxes-2 .fusion-content-box-hover .link-area-link-icon-hover .heading .icon > span {\n\t\t\t\t\t\tbackground-color: #082230 !important;\n\t\t\t\t\t}\n\t\t\t\t\t.fusion-content-boxes-2 .fusion-content-box-hover .link-area-box-hover .heading .icon > span {\n\t\t\t\t\t\tborder-color: #082230 !important;\n\t\t\t\t\t}<\/style><div class=\"fusion-column content-box-column content-box-column content-box-column-1 col-lg-4 col-md-4 col-sm-4 fusion-content-box-hover content-box-column-first-in-row\"><div class=\"col content-box-wrapper content-wrapper-background content-wrapper-boxed link-area-box content-icon-wrapper-yes icon-hover-animation-none\" style=\"background-color:#eaeef0;\" data-animationOffset=\"top-mid-of-view\"><div class=\"heading heading-with-icon icon-left\"><div class=\"icon\"><span style=\"height:50px;width:50px;line-height:25px;border-color:#004067;border-width:2px;border-style:solid;background-color:#004067;position:absolute;top:-75px;margin-left:-25px;box-sizing:content-box;border-radius:50%;\"><i style=\"border-color:#eaeef0;border-width:0px;background-color:#eaeef0;box-sizing:content-box;height:50px;width:50px;line-height:50px;border-radius:50%;position:relative;top:auto;left:auto;margin:0;border-radius:50%;color:#004067;font-size:25px;\" aria-hidden=\"true\" class=\"fontawesome-icon fa-road fas circle-yes\"><\/i><\/span><\/div><h2 class=\"content-box-heading fusion-responsive-typography-calculated\" style=\"font-size:22px;--fontSize:22;line-height:1.4;\">Adresse<\/h2><\/div><div class=\"fusion-clearfix\"><\/div><div class=\"content-container\" style=\"color:#004067;\">\n<h4><span style=\"color: #000000;\">Wacker Neuson Niederlassung<\/span><\/h4>\n<h4><span style=\"color: #000000;\">Westbahnstra\u00dfe 5<\/span><\/h4>\n<h4><span style=\"color: #000000;\">4490 St. Florian<\/span><\/h4>\n<\/div><\/div><\/div><div class=\"fusion-column content-box-column content-box-column content-box-column-2 col-lg-4 col-md-4 col-sm-4 fusion-content-box-hover \"><div class=\"col content-box-wrapper content-wrapper-background content-wrapper-boxed link-area-box content-icon-wrapper-yes icon-hover-animation-none\" style=\"background-color:#eaeef0;\" data-animationOffset=\"top-mid-of-view\"><div class=\"heading heading-with-icon icon-left\"><div class=\"icon\"><span style=\"height:50px;width:50px;line-height:25px;border-color:#004067;border-width:2px;border-style:solid;background-color:#004067;position:absolute;top:-75px;margin-left:-25px;box-sizing:content-box;border-radius:50%;\"><i style=\"border-color:#eaeef0;border-width:0px;background-color:#eaeef0;box-sizing:content-box;height:50px;width:50px;line-height:50px;border-radius:50%;position:relative;top:auto;left:auto;margin:0;border-radius:50%;color:#004067;font-size:25px;\" aria-hidden=\"true\" class=\"fontawesome-icon fa-clock far circle-yes\"><\/i><\/span><\/div><h2 class=\"content-box-heading fusion-responsive-typography-calculated\" style=\"font-size:22px;--fontSize:22;line-height:1.4;\">\u00d6ffnungszeiten<\/h2><\/div><div class=\"fusion-clearfix\"><\/div><div class=\"content-container\" style=\"color:#004067;\">\n<h4><span style=\"color: #000000;\">27. Mai &#8211; 5. Juni 2021<\/span><\/h4>\n<h4><span style=\"color: #000000;\">Mo-Fr: 09:00-18:30<\/span><br \/>\n<span style=\"color: #000000;\">Sa:\u00a009:00-17:00<\/span><\/h4>\n<\/div><\/div><\/div><div class=\"fusion-column content-box-column content-box-column content-box-column-3 col-lg-4 col-md-4 col-sm-4 fusion-content-box-hover content-box-column-last content-box-column-last-in-row\"><div class=\"col content-box-wrapper content-wrapper-background content-wrapper-boxed link-area-box content-icon-wrapper-yes icon-hover-animation-none\" style=\"background-color:#eaeef0;\" data-animationOffset=\"top-mid-of-view\"><div class=\"heading heading-with-icon icon-left\"><div class=\"icon\"><span style=\"height:50px;width:50px;line-height:25px;border-color:#004067;border-width:2px;border-style:solid;background-color:#004067;position:absolute;top:-75px;margin-left:-25px;box-sizing:content-box;border-radius:50%;\"><i style=\"border-color:#eaeef0;border-width:0px;background-color:#eaeef0;box-sizing:content-box;height:50px;width:50px;line-height:50px;border-radius:50%;position:relative;top:auto;left:auto;margin:0;border-radius:50%;color:#004067;font-size:25px;\" aria-hidden=\"true\" class=\"fontawesome-icon fa-phone fas circle-yes\"><\/i><\/span><\/div><h2 class=\"content-box-heading fusion-responsive-typography-calculated\" style=\"font-size:22px;--fontSize:22;line-height:1.4;\">Kontakt<\/h2><\/div><div class=\"fusion-clearfix\"><\/div><div class=\"content-container\" style=\"color:#004067;\">\n<h4><span style=\"color: #000080;\"><a style=\"color: #000080;\" href=\"http:\/\/+4372626133812\">+43 (0)7262\u00a0613 38 DW12<\/a><\/span><\/h4>\n<\/div><\/div><\/div><style type=\"text\/css\">\n\t\t\t\t\t\t.fusion-content-boxes-2 .fusion-content-box-hover .heading-link:hover .icon i.circle-yes,\n\t\t\t\t\t\t.fusion-content-boxes-2 .fusion-content-box-hover .link-area-box:hover .heading-link .icon i.circle-yes,\n\t\t\t\t\t\t.fusion-content-boxes-2 .fusion-content-box-hover .link-area-link-icon-hover .heading .icon i.circle-yes,\n\t\t\t\t\t\t.fusion-content-boxes-2 .fusion-content-box-hover .link-area-box-hover .heading .icon i.circle-yes {\n\t\t\t\t\t\t\tbackground-color: #082230 !important;\n\t\t\t\t\t\t\tborder-color: #082230 !important;\n\t\t\t\t\t\t}<\/style><div class=\"fusion-clearfix\"><\/div><\/div><div class=\"fusion-clearfix\"><\/div><\/div><\/div><\/div><\/div><div class=\"fusion-fullwidth fullwidth-box fusion-builder-row-3 nonhundred-percent-fullwidth non-hundred-percent-height-scrolling\" style=\"background-color: rgba(255,255,255,0);background-position: center center;background-repeat: no-repeat;padding-top:0px;padding-right:0px;padding-bottom:0px;padding-left:0px;margin-bottom: 0px;margin-top: 0px;border-width: 0px 0px 0px 0px;border-color:#eae9e9;border-style:solid;\" ><div class=\"fusion-builder-row fusion-row\"><div class=\"fusion-layout-column fusion_builder_column fusion-builder-column-3 fusion_builder_column_1_1 1_1 fusion-one-full fusion-column-first fusion-column-last\" style=\"margin-top:0px;margin-bottom:0px;\"><div class=\"fusion-column-wrapper fusion-flex-column-wrapper-legacy\" style=\"background-position:left top;background-repeat:no-repeat;-webkit-background-size:cover;-moz-background-size:cover;-o-background-size:cover;background-size:cover;padding: 0px 0px 0px 0px;\">\t\t\t\t\t<script type=\"text\/javascript\">\n\t\t\t\t\t\tvar map_fusion_map_69e4d2afd5154;\n\t\t\t\t\t\tvar markers = [];\n\t\t\t\t\t\tvar counter = 0;\n\t\t\t\t\t\t\t\t\t\t\t\t\t\t\t\t\t\t\t\tvar fusionMapNonce = '03265872a5';\n\t\t\t\t\t\t\t\t\t\t\t\tfunction fusion_run_map_fusion_map_69e4d2afd5154() {\n\t\t\t\t\t\t\tjQuery('#fusion_map_69e4d2afd5154').fusion_maps({\n\t\t\t\t\t\t\t\taddresses: [{\"address\":\"Wacker Neuson Niederlassung, Westbahnstra\\u00dfe 5, 4490 St. Florian, Austria\",\"infobox_content\":\"Wacker Neuson Niederlassung, Westbahnstra\\u00dfe 5, 4490 St. Florian, Austria\",\"coordinates\":false,\"cache\":true,\"latitude\":\"48.22277280000001\",\"longitude\":\"14.398311899999953\"}],\n\t\t\t\t\t\t\t\tanimations: true,\n\t\t\t\t\t\t\t\tinfobox_background_color: '',\n\t\t\t\t\t\t\t\tinfobox_styling: 'default',\n\t\t\t\t\t\t\t\tinfobox_text_color: '',\n\t\t\t\t\t\t\t\tmap_style: 'default',\n\t\t\t\t\t\t\t\tmap_type: 'roadmap',\n\t\t\t\t\t\t\t\tmarker_icon: '',\n\t\t\t\t\t\t\t\toverlay_color: '',\n\t\t\t\t\t\t\t\toverlay_color_hsl: {\"hue\":0,\"sat\":0,\"lum\":100},\n\t\t\t\t\t\t\t\tpan_control: true,\n\t\t\t\t\t\t\t\tshow_address: true,\n\t\t\t\t\t\t\t\tscale_control: true,\n\t\t\t\t\t\t\t\tscrollwheel: true,\n\t\t\t\t\t\t\t\tzoom: 14,\n\t\t\t\t\t\t\t\tzoom_control: true,\n\t\t\t\t\t\t\t});\n\t\t\t\t\t\t}\n\n\t\t\t\t\t\tgoogle.maps.event.addDomListener(window, 'load', fusion_run_map_fusion_map_69e4d2afd5154);\n\t\t\t\t\t<\/script>\n\t\t\t\t\t<div class=\"shortcode-map fusion-google-map fusion-maps-js-type\" style=\"height:400px;width:100%;\" id=\"fusion_map_69e4d2afd5154\"><\/div><div class=\"fusion-clearfix\"><\/div><\/div><\/div><\/div><\/div><\/p>\n","protected":false},"excerpt":{"rendered":"","protected":false},"author":1,"featured_media":0,"parent":0,"menu_order":0,"comment_status":"closed","ping_status":"closed","template":"100-width.php","meta":[],"yst_prominent_words":[998,978,979,980,599,674,932,896,895,459,976,458,894,977,897,675,602,551,628,603],"_links":{"self":[{"href":"https:\/\/www.kuermayr.at\/at\/wp-json\/wp\/v2\/pages\/11617"}],"collection":[{"href":"https:\/\/www.kuermayr.at\/at\/wp-json\/wp\/v2\/pages"}],"about":[{"href":"https:\/\/www.kuermayr.at\/at\/wp-json\/wp\/v2\/types\/page"}],"author":[{"embeddable":true,"href":"https:\/\/www.kuermayr.at\/at\/wp-json\/wp\/v2\/users\/1"}],"replies":[{"embeddable":true,"href":"https:\/\/www.kuermayr.at\/at\/wp-json\/wp\/v2\/comments?post=11617"}],"version-history":[{"count":2,"href":"https:\/\/www.kuermayr.at\/at\/wp-json\/wp\/v2\/pages\/11617\/revisions"}],"predecessor-version":[{"id":15461,"href":"https:\/\/www.kuermayr.at\/at\/wp-json\/wp\/v2\/pages\/11617\/revisions\/15461"}],"wp:attachment":[{"href":"https:\/\/www.kuermayr.at\/at\/wp-json\/wp\/v2\/media?parent=11617"}],"wp:term":[{"taxonomy":"yst_prominent_words","embeddable":true,"href":"https:\/\/www.kuermayr.at\/at\/wp-json\/wp\/v2\/yst_prominent_words?post=11617"}],"curies":[{"name":"wp","href":"https:\/\/api.w.org\/{rel}","templated":true}]}}